{"id":6676,"date":"2024-05-06T11:00:42","date_gmt":"2024-05-06T11:00:42","guid":{"rendered":"https:\/\/gamerule.io\/comunidade\/"},"modified":"2024-05-06T11:07:43","modified_gmt":"2024-05-06T11:07:43","slug":"comunidade","status":"publish","type":"page","link":"https:\/\/gamerule.io\/pt-br\/comunidade\/","title":{"rendered":"Comunidade"},"content":{"rendered":"\n<p><strong>Conecte-se, compartilhe e envolva-se<\/strong><br\/>Bem-vindo ao cora\u00e7\u00e3o do nosso universo de jogos &#8211; a p\u00e1gina da comunidade Gamerule.io. Se voc\u00ea deseja compartilhar seu \u00faltimo triunfo nos jogos, buscar conselhos ou simplesmente conversar sobre seus jogos favoritos, voc\u00ea encontrou o lugar certo. Nossa comunidade \u00e9 vibrante, diversificada e solid\u00e1ria, com gamers de todas as esferas da vida.<\/p>\n\n<p><strong>F\u00f3runs<\/strong><br\/>Mergulhe em nossos f\u00f3runs, onde voc\u00ea pode discutir tudo, desde os \u00faltimos lan\u00e7amentos de jogos at\u00e9 os cl\u00e1ssicos favoritos. Cada f\u00f3rum \u00e9 um espa\u00e7o para voc\u00ea trocar dicas, estrat\u00e9gias e experi\u00eancias pessoais. Voc\u00ea quer come\u00e7ar seu pr\u00f3prio t\u00f3pico? Basta voc\u00ea se inscrever e come\u00e7ar a participar!<\/p>\n\n<p><strong>Conte\u00fado gerado pelo usu\u00e1rio<\/strong><br\/>Compartilhe suas an\u00e1lises de jogos, orienta\u00e7\u00f5es e obras de arte com outros jogadores. Esta \u00e9 a sua plataforma para brilhar e mostrar seus conhecimentos sobre jogos e talentos criativos. Envie seu conte\u00fado e ele poder\u00e1 ser apresentado em nosso site principal ou em nossos canais de m\u00eddia social!<\/p>\n\n<p><strong>Concursos e brindes<\/strong><br\/>Participe de concursos e brindes emocionantes para ter a chance de ganhar jogos, equipamentos de jogos e outros pr\u00eamios legais. Fique de olho nesta se\u00e7\u00e3o para obter atualiza\u00e7\u00f5es sobre as datas de in\u00edcio, como participar e detalhes dos pr\u00eamios.<\/p>\n\n<p><strong>Destaques da comunidade<\/strong><br\/>Todos os meses, destacamos membros de destaque de nossa comunidade. Seja por meio de publica\u00e7\u00f5es \u00fateis no f\u00f3rum, conte\u00fado de usu\u00e1rio excepcional ou servi\u00e7o comunit\u00e1rio, adoramos celebrar suas contribui\u00e7\u00f5es.<\/p>\n\n<p><strong>Mantenha-se conectado<\/strong><br\/>Junte-se \u00e0 nossa comunidade nas m\u00eddias sociais para ficar por dentro das \u00faltimas atualiza\u00e7\u00f5es, conectar-se com outros jogadores e participar de nossas discuss\u00f5es sobre jogos. Siga-nos em [Twitter], [Facebook], [Instagram], e [YouTube].<\/p>\n\n<p><strong>Junte-se a n\u00f3s<\/strong><br\/>Voc\u00ea est\u00e1 pronto para fazer parte de algo especial? Junte-se \u00e0 comunidade Gamerule.io hoje mesmo e comece a interagir com outros jogadores que s\u00e3o t\u00e3o apaixonados por jogos quanto voc\u00ea! Basta registrar-se por meio de nosso processo de inscri\u00e7\u00e3o r\u00e1pido e f\u00e1cil e come\u00e7ar a contribuir imediatamente.<\/p>\n\n<p>Estamos ansiosos para ver voc\u00ea nos f\u00f3runs, ler suas postagens e nos fortalecermos juntos em nossa paix\u00e3o compartilhada por jogos!<\/p>\n","protected":false},"excerpt":{"rendered":"<p>Conecte-se, compartilhe e envolva-seBem-vindo ao cora\u00e7\u00e3o do nosso universo de jogos &#8211; a p\u00e1gina da comunidade Gamerule.io. Se voc\u00ea deseja compartilhar seu \u00faltimo triunfo nos jogos, buscar conselhos ou simplesmente conversar sobre seus jogos favoritos, voc\u00ea encontrou o lugar certo. Nossa comunidade \u00e9 vibrante, diversificada e solid\u00e1ria, com gamers de todas as esferas da vida. [&hellip;]<\/p>\n","protected":false},"author":1,"featured_media":0,"parent":0,"menu_order":0,"comment_status":"closed","ping_status":"closed","template":"","meta":{"content-type":"","footnotes":""},"class_list":["post-6676","page","type-page","status-publish"],"yoast_head":"<!-- This site is optimized with the Yoast SEO plugin v23.0 - https:\/\/yoast.com\/wordpress\/plugins\/seo\/ -->\n<title>Comunidade - GameRule.io<\/title>\n<meta name=\"robots\" content=\"index, follow, max-snippet:-1, max-image-preview:large, max-video-preview:-1\" \/>\n<link rel=\"canonical\" href=\"https:\/\/gamerule.io\/pt-br\/comunidade\/\" \/>\n<meta property=\"og:locale\" content=\"pt_BR\" \/>\n<meta property=\"og:type\" content=\"article\" \/>\n<meta property=\"og:title\" content=\"Comunidade - GameRule.io\" \/>\n<meta property=\"og:description\" content=\"Conecte-se, compartilhe e envolva-seBem-vindo ao cora\u00e7\u00e3o do nosso universo de jogos &#8211; a p\u00e1gina da comunidade Gamerule.io. Se voc\u00ea deseja compartilhar seu \u00faltimo triunfo nos jogos, buscar conselhos ou simplesmente conversar sobre seus jogos favoritos, voc\u00ea encontrou o lugar certo. Nossa comunidade \u00e9 vibrante, diversificada e solid\u00e1ria, com gamers de todas as esferas da vida. [&hellip;]\" \/>\n<meta property=\"og:url\" content=\"https:\/\/gamerule.io\/pt-br\/comunidade\/\" \/>\n<meta property=\"og:site_name\" content=\"GameRule.io\" \/>\n<meta property=\"article:modified_time\" content=\"2024-05-06T11:07:43+00:00\" \/>\n<meta name=\"twitter:card\" content=\"summary_large_image\" \/>\n<meta name=\"twitter:label1\" content=\"Est. tempo de leitura\" \/>\n\t<meta name=\"twitter:data1\" content=\"2 minutos\" \/>\n<script type=\"application\/ld+json\" class=\"yoast-schema-graph\">{\"@context\":\"https:\/\/schema.org\",\"@graph\":[{\"@type\":\"WebPage\",\"@id\":\"https:\/\/gamerule.io\/pt-br\/comunidade\/\",\"url\":\"https:\/\/gamerule.io\/pt-br\/comunidade\/\",\"name\":\"Comunidade - GameRule.io\",\"isPartOf\":{\"@id\":\"https:\/\/gamerule.io\/#website\"},\"datePublished\":\"2024-05-06T11:00:42+00:00\",\"dateModified\":\"2024-05-06T11:07:43+00:00\",\"breadcrumb\":{\"@id\":\"https:\/\/gamerule.io\/pt-br\/comunidade\/#breadcrumb\"},\"inLanguage\":\"pt-BR\",\"potentialAction\":[{\"@type\":\"ReadAction\",\"target\":[\"https:\/\/gamerule.io\/pt-br\/comunidade\/\"]}]},{\"@type\":\"BreadcrumbList\",\"@id\":\"https:\/\/gamerule.io\/pt-br\/comunidade\/#breadcrumb\",\"itemListElement\":[{\"@type\":\"ListItem\",\"position\":1,\"name\":\"Home\",\"item\":\"https:\/\/gamerule.io\/pt-br\/gamerule-io\/\"},{\"@type\":\"ListItem\",\"position\":2,\"name\":\"Comunidade\"}]},{\"@type\":\"WebSite\",\"@id\":\"https:\/\/gamerule.io\/#website\",\"url\":\"https:\/\/gamerule.io\/\",\"name\":\"GameRule.io\",\"description\":\"\",\"potentialAction\":[{\"@type\":\"SearchAction\",\"target\":{\"@type\":\"EntryPoint\",\"urlTemplate\":\"https:\/\/gamerule.io\/?s={search_term_string}\"},\"query-input\":\"required name=search_term_string\"}],\"inLanguage\":\"pt-BR\"}]}<\/script>\n<!-- \/ Yoast SEO plugin. -->","yoast_head_json":{"title":"Comunidade - GameRule.io","robots":{"index":"index","follow":"follow","max-snippet":"max-snippet:-1","max-image-preview":"max-image-preview:large","max-video-preview":"max-video-preview:-1"},"canonical":"https:\/\/gamerule.io\/pt-br\/comunidade\/","og_locale":"pt_BR","og_type":"article","og_title":"Comunidade - GameRule.io","og_description":"Conecte-se, compartilhe e envolva-seBem-vindo ao cora\u00e7\u00e3o do nosso universo de jogos &#8211; a p\u00e1gina da comunidade Gamerule.io. Se voc\u00ea deseja compartilhar seu \u00faltimo triunfo nos jogos, buscar conselhos ou simplesmente conversar sobre seus jogos favoritos, voc\u00ea encontrou o lugar certo. Nossa comunidade \u00e9 vibrante, diversificada e solid\u00e1ria, com gamers de todas as esferas da vida. [&hellip;]","og_url":"https:\/\/gamerule.io\/pt-br\/comunidade\/","og_site_name":"GameRule.io","article_modified_time":"2024-05-06T11:07:43+00:00","twitter_card":"summary_large_image","twitter_misc":{"Est. tempo de leitura":"2 minutos"},"schema":{"@context":"https:\/\/schema.org","@graph":[{"@type":"WebPage","@id":"https:\/\/gamerule.io\/pt-br\/comunidade\/","url":"https:\/\/gamerule.io\/pt-br\/comunidade\/","name":"Comunidade - GameRule.io","isPartOf":{"@id":"https:\/\/gamerule.io\/#website"},"datePublished":"2024-05-06T11:00:42+00:00","dateModified":"2024-05-06T11:07:43+00:00","breadcrumb":{"@id":"https:\/\/gamerule.io\/pt-br\/comunidade\/#breadcrumb"},"inLanguage":"pt-BR","potentialAction":[{"@type":"ReadAction","target":["https:\/\/gamerule.io\/pt-br\/comunidade\/"]}]},{"@type":"BreadcrumbList","@id":"https:\/\/gamerule.io\/pt-br\/comunidade\/#breadcrumb","itemListElement":[{"@type":"ListItem","position":1,"name":"Home","item":"https:\/\/gamerule.io\/pt-br\/gamerule-io\/"},{"@type":"ListItem","position":2,"name":"Comunidade"}]},{"@type":"WebSite","@id":"https:\/\/gamerule.io\/#website","url":"https:\/\/gamerule.io\/","name":"GameRule.io","description":"","potentialAction":[{"@type":"SearchAction","target":{"@type":"EntryPoint","urlTemplate":"https:\/\/gamerule.io\/?s={search_term_string}"},"query-input":"required name=search_term_string"}],"inLanguage":"pt-BR"}]}},"_links":{"self":[{"href":"https:\/\/gamerule.io\/pt-br\/wp-json\/wp\/v2\/pages\/6676","targetHints":{"allow":["GET"]}}],"collection":[{"href":"https:\/\/gamerule.io\/pt-br\/wp-json\/wp\/v2\/pages"}],"about":[{"href":"https:\/\/gamerule.io\/pt-br\/wp-json\/wp\/v2\/types\/page"}],"author":[{"embeddable":true,"href":"https:\/\/gamerule.io\/pt-br\/wp-json\/wp\/v2\/users\/1"}],"replies":[{"embeddable":true,"href":"https:\/\/gamerule.io\/pt-br\/wp-json\/wp\/v2\/comments?post=6676"}],"version-history":[{"count":1,"href":"https:\/\/gamerule.io\/pt-br\/wp-json\/wp\/v2\/pages\/6676\/revisions"}],"predecessor-version":[{"id":6692,"href":"https:\/\/gamerule.io\/pt-br\/wp-json\/wp\/v2\/pages\/6676\/revisions\/6692"}],"wp:attachment":[{"href":"https:\/\/gamerule.io\/pt-br\/wp-json\/wp\/v2\/media?parent=6676"}],"curies":[{"name":"wp","href":"https:\/\/api.w.org\/{rel}","templated":true}]}}