{"id":6612,"date":"2024-05-06T11:00:42","date_gmt":"2024-05-06T11:00:42","guid":{"rendered":"https:\/\/gamerule.io\/zajednica\/"},"modified":"2024-05-06T11:07:32","modified_gmt":"2024-05-06T11:07:32","slug":"zajednica","status":"publish","type":"page","link":"https:\/\/gamerule.io\/hr\/zajednica\/","title":{"rendered":"Zajednica"},"content":{"rendered":"\n<p><strong>Pove\u017eite se, dijelite i anga\u017eirajte se<\/strong><br\/>Dobrodo\u0161li u srce na\u0161eg gaming svemira \u2014 stranicu Gamerule.io zajednice. Bilo da \u017eelite podijeliti svoj najnoviji trijumf u igricama, tra\u017eiti savjet ili jednostavno razgovarati o svojim omiljenim igrama, prona\u0161li ste pravo mjesto. Na\u0161a zajednica je \u017eivahna, raznolika i puna podr\u0161ke, s igra\u010dima iz svih dru\u0161tvenih slojeva.<\/p>\n\n<p><strong>Forumi<\/strong><br\/>Zaronite u na\u0161e forume gdje mo\u017eete raspravljati o svemu, od najnovijih izdanja igara do klasi\u010dnih favorita. Svaki forum je prostor za razmjenu savjeta, strategija i osobnih iskustava. \u017delite zapo\u010deti vlastitu temu? Samo se prijavite i odmah usko\u010dite!<\/p>\n\n<p><strong>Sadr\u017eaj koji stvaraju korisnici<\/strong><br\/>Podijelite svoje recenzije igara, upute i ilustracije s kolegama igra\u010dima. Ovo je va\u0161a platforma na kojoj \u0107ete zablistati i pokazati svoje igra\u010dke uvide i kreativne talente. Po\u0161aljite svoj sadr\u017eaj i mogao bi biti predstavljen na na\u0161oj glavnoj web stranici ili kanalima dru\u0161tvenih medija!<\/p>\n\n<p><strong>Natjecanja i darivanja<\/strong><br\/>Sudjelujte u uzbudljivim natjecanjima i darivanjima za priliku osvojiti igre, opremu za igre i druge super nagrade. Pratite ovaj odjeljak za novosti o datumima po\u010detka, na\u010dinu prijave i pojedinostima o nagradama.<\/p>\n\n<p><strong>\u017dari\u0161te zajednice<\/strong><br\/>Svaki mjesec isti\u010demo istaknute \u010dlanove na\u0161e zajednice. Bilo da se radi o korisnim objavama na forumu, izvanrednom korisni\u010dkom sadr\u017eaju ili dru\u0161tveno korisnom radu, volimo slaviti va\u0161e doprinose.<\/p>\n\n<p><strong>Ostanite povezani<\/strong><br\/>Pridru\u017eite se na\u0161oj zajednici na dru\u0161tvenim medijima kako biste bili u toku s najnovijim a\u017euriranjima, pove\u017eite se s drugim igra\u010dima i sudjelujte u na\u0161im raspravama o igrama. Pratite nas na[Twitter] ,[Facebook] ,[Instagram] , i[YouTube] .<\/p>\n\n<p><strong>Pridru\u017ei nam se<\/strong><br\/>Jeste li spremni biti dio ne\u010deg posebnog? Pridru\u017eite se Gamerule.io zajednici ve\u0107 danas i po\u010dnite se dru\u017eiti s kolegama igra\u010dima koji su jednako strastveni u igricama kao i vi! Jednostavno se registrirajte putem na\u0161eg brzog i jednostavnog postupka prijave i odmah po\u010dnite davati doprinose.<\/p>\n\n<p>Radujemo se \u0161to \u0107emo vas vidjeti na forumima, \u010ditati va\u0161e postove i oja\u010dati zajedno u na\u0161oj zajedni\u010dkoj strasti za igranje!<\/p>\n","protected":false},"excerpt":{"rendered":"<p>Pove\u017eite se, dijelite i anga\u017eirajte seDobrodo\u0161li u srce na\u0161eg gaming svemira \u2014 stranicu Gamerule.io zajednice. Bilo da \u017eelite podijeliti svoj najnoviji trijumf u igricama, tra\u017eiti savjet ili jednostavno razgovarati o svojim omiljenim igrama, prona\u0161li ste pravo mjesto. Na\u0161a zajednica je \u017eivahna, raznolika i puna podr\u0161ke, s igra\u010dima iz svih dru\u0161tvenih slojeva. ForumiZaronite u na\u0161e forume [&hellip;]<\/p>\n","protected":false},"author":1,"featured_media":0,"parent":0,"menu_order":0,"comment_status":"closed","ping_status":"closed","template":"","meta":{"content-type":"","footnotes":""},"class_list":["post-6612","page","type-page","status-publish"],"yoast_head":"<!-- This site is optimized with the Yoast SEO plugin v23.0 - https:\/\/yoast.com\/wordpress\/plugins\/seo\/ -->\n<title>Zajednica - GameRule.io<\/title>\n<meta name=\"robots\" content=\"index, follow, max-snippet:-1, max-image-preview:large, max-video-preview:-1\" \/>\n<link rel=\"canonical\" href=\"https:\/\/gamerule.io\/hr\/zajednica\/\" \/>\n<meta property=\"og:locale\" content=\"hr_HR\" \/>\n<meta property=\"og:type\" content=\"article\" \/>\n<meta property=\"og:title\" content=\"Zajednica - GameRule.io\" \/>\n<meta property=\"og:description\" content=\"Pove\u017eite se, dijelite i anga\u017eirajte seDobrodo\u0161li u srce na\u0161eg gaming svemira \u2014 stranicu Gamerule.io zajednice. Bilo da \u017eelite podijeliti svoj najnoviji trijumf u igricama, tra\u017eiti savjet ili jednostavno razgovarati o svojim omiljenim igrama, prona\u0161li ste pravo mjesto. Na\u0161a zajednica je \u017eivahna, raznolika i puna podr\u0161ke, s igra\u010dima iz svih dru\u0161tvenih slojeva. ForumiZaronite u na\u0161e forume [&hellip;]\" \/>\n<meta property=\"og:url\" content=\"https:\/\/gamerule.io\/hr\/zajednica\/\" \/>\n<meta property=\"og:site_name\" content=\"GameRule.io\" \/>\n<meta property=\"article:modified_time\" content=\"2024-05-06T11:07:32+00:00\" \/>\n<meta name=\"twitter:card\" content=\"summary_large_image\" \/>\n<meta name=\"twitter:label1\" content=\"Procijenjeno vrijeme \u010ditanja\" \/>\n\t<meta name=\"twitter:data1\" content=\"2 minute\" \/>\n<script type=\"application\/ld+json\" class=\"yoast-schema-graph\">{\"@context\":\"https:\/\/schema.org\",\"@graph\":[{\"@type\":\"WebPage\",\"@id\":\"https:\/\/gamerule.io\/hr\/zajednica\/\",\"url\":\"https:\/\/gamerule.io\/hr\/zajednica\/\",\"name\":\"Zajednica - GameRule.io\",\"isPartOf\":{\"@id\":\"https:\/\/gamerule.io\/#website\"},\"datePublished\":\"2024-05-06T11:00:42+00:00\",\"dateModified\":\"2024-05-06T11:07:32+00:00\",\"breadcrumb\":{\"@id\":\"https:\/\/gamerule.io\/hr\/zajednica\/#breadcrumb\"},\"inLanguage\":\"hr\",\"potentialAction\":[{\"@type\":\"ReadAction\",\"target\":[\"https:\/\/gamerule.io\/hr\/zajednica\/\"]}]},{\"@type\":\"BreadcrumbList\",\"@id\":\"https:\/\/gamerule.io\/hr\/zajednica\/#breadcrumb\",\"itemListElement\":[{\"@type\":\"ListItem\",\"position\":1,\"name\":\"Home\",\"item\":\"https:\/\/gamerule.io\/hr\/gamerule-io\/\"},{\"@type\":\"ListItem\",\"position\":2,\"name\":\"Zajednica\"}]},{\"@type\":\"WebSite\",\"@id\":\"https:\/\/gamerule.io\/#website\",\"url\":\"https:\/\/gamerule.io\/\",\"name\":\"GameRule.io\",\"description\":\"\",\"potentialAction\":[{\"@type\":\"SearchAction\",\"target\":{\"@type\":\"EntryPoint\",\"urlTemplate\":\"https:\/\/gamerule.io\/?s={search_term_string}\"},\"query-input\":\"required name=search_term_string\"}],\"inLanguage\":\"hr\"}]}<\/script>\n<!-- \/ Yoast SEO plugin. -->","yoast_head_json":{"title":"Zajednica - GameRule.io","robots":{"index":"index","follow":"follow","max-snippet":"max-snippet:-1","max-image-preview":"max-image-preview:large","max-video-preview":"max-video-preview:-1"},"canonical":"https:\/\/gamerule.io\/hr\/zajednica\/","og_locale":"hr_HR","og_type":"article","og_title":"Zajednica - GameRule.io","og_description":"Pove\u017eite se, dijelite i anga\u017eirajte seDobrodo\u0161li u srce na\u0161eg gaming svemira \u2014 stranicu Gamerule.io zajednice. Bilo da \u017eelite podijeliti svoj najnoviji trijumf u igricama, tra\u017eiti savjet ili jednostavno razgovarati o svojim omiljenim igrama, prona\u0161li ste pravo mjesto. Na\u0161a zajednica je \u017eivahna, raznolika i puna podr\u0161ke, s igra\u010dima iz svih dru\u0161tvenih slojeva. ForumiZaronite u na\u0161e forume [&hellip;]","og_url":"https:\/\/gamerule.io\/hr\/zajednica\/","og_site_name":"GameRule.io","article_modified_time":"2024-05-06T11:07:32+00:00","twitter_card":"summary_large_image","twitter_misc":{"Procijenjeno vrijeme \u010ditanja":"2 minute"},"schema":{"@context":"https:\/\/schema.org","@graph":[{"@type":"WebPage","@id":"https:\/\/gamerule.io\/hr\/zajednica\/","url":"https:\/\/gamerule.io\/hr\/zajednica\/","name":"Zajednica - GameRule.io","isPartOf":{"@id":"https:\/\/gamerule.io\/#website"},"datePublished":"2024-05-06T11:00:42+00:00","dateModified":"2024-05-06T11:07:32+00:00","breadcrumb":{"@id":"https:\/\/gamerule.io\/hr\/zajednica\/#breadcrumb"},"inLanguage":"hr","potentialAction":[{"@type":"ReadAction","target":["https:\/\/gamerule.io\/hr\/zajednica\/"]}]},{"@type":"BreadcrumbList","@id":"https:\/\/gamerule.io\/hr\/zajednica\/#breadcrumb","itemListElement":[{"@type":"ListItem","position":1,"name":"Home","item":"https:\/\/gamerule.io\/hr\/gamerule-io\/"},{"@type":"ListItem","position":2,"name":"Zajednica"}]},{"@type":"WebSite","@id":"https:\/\/gamerule.io\/#website","url":"https:\/\/gamerule.io\/","name":"GameRule.io","description":"","potentialAction":[{"@type":"SearchAction","target":{"@type":"EntryPoint","urlTemplate":"https:\/\/gamerule.io\/?s={search_term_string}"},"query-input":"required name=search_term_string"}],"inLanguage":"hr"}]}},"_links":{"self":[{"href":"https:\/\/gamerule.io\/hr\/wp-json\/wp\/v2\/pages\/6612","targetHints":{"allow":["GET"]}}],"collection":[{"href":"https:\/\/gamerule.io\/hr\/wp-json\/wp\/v2\/pages"}],"about":[{"href":"https:\/\/gamerule.io\/hr\/wp-json\/wp\/v2\/types\/page"}],"author":[{"embeddable":true,"href":"https:\/\/gamerule.io\/hr\/wp-json\/wp\/v2\/users\/1"}],"replies":[{"embeddable":true,"href":"https:\/\/gamerule.io\/hr\/wp-json\/wp\/v2\/comments?post=6612"}],"version-history":[{"count":1,"href":"https:\/\/gamerule.io\/hr\/wp-json\/wp\/v2\/pages\/6612\/revisions"}],"predecessor-version":[{"id":6622,"href":"https:\/\/gamerule.io\/hr\/wp-json\/wp\/v2\/pages\/6612\/revisions\/6622"}],"wp:attachment":[{"href":"https:\/\/gamerule.io\/hr\/wp-json\/wp\/v2\/media?parent=6612"}],"curies":[{"name":"wp","href":"https:\/\/api.w.org\/{rel}","templated":true}]}}