{"id":6603,"date":"2024-05-06T11:01:23","date_gmt":"2024-05-06T11:01:23","guid":{"rendered":"https:\/\/gamerule.io\/tietosuojakaytanto\/"},"modified":"2024-05-06T11:07:32","modified_gmt":"2024-05-06T11:07:32","slug":"tietosuojakaytanto","status":"publish","type":"page","link":"https:\/\/gamerule.io\/fi\/tietosuojakaytanto\/","title":{"rendered":"Tietosuojak\u00e4yt\u00e4nt\u00f6"},"content":{"rendered":"\n<p>Tervetuloa Gamerule.ioon! Yksityisyytesi on meille ensiarvoisen t\u00e4rke\u00e4\u00e4. T\u00e4ss\u00e4 tietosuojak\u00e4yt\u00e4nn\u00f6ss\u00e4 kerrotaan, millaisia tietoja ker\u00e4\u00e4mme sinusta, miten niit\u00e4 k\u00e4ytet\u00e4\u00e4n ja mihin toimiin ryhdymme henkil\u00f6tietojesi suojaamiseksi, kun k\u00e4yt\u00e4t verkkosivustoamme ja palveluitamme.<\/p>\n\n<p><strong>Tietojen ker\u00e4\u00e4minen<\/strong><br\/><strong>1. Henkil\u00f6kohtaiset tiedot:<\/strong><br\/>Ker\u00e4\u00e4mme henkil\u00f6kohtaisia tietoja, jotka annat rekister\u00f6ityess\u00e4si palveluihimme, kuten nimesi, s\u00e4hk\u00f6postiosoitteesi ja valinnaisesti profiilikuvasi. N\u00e4it\u00e4 tietoja k\u00e4ytet\u00e4\u00e4n tilisi hallintaan, asiakastuen tarjoamiseen sek\u00e4 uutiskirjeiden ja myynninedist\u00e4mismateriaalin l\u00e4hett\u00e4miseen, jonka olet hyv\u00e4ksynyt.<\/p>\n\n<p><strong>2. Muut kuin henkil\u00f6kohtaiset tiedot:<\/strong><br\/>Ker\u00e4\u00e4mme automaattisesti muita kuin henkil\u00f6kohtaisia tietoja, kun vierailet sivustollamme, mukaan lukien IP-osoitteesi, selaintyyppisi, k\u00e4ytt\u00f6j\u00e4rjestelm\u00e4si ja katsomasi sivut. N\u00e4it\u00e4 tietoja k\u00e4ytet\u00e4\u00e4n palveluidemme ja yleisen k\u00e4ytt\u00e4j\u00e4kokemuksen parantamiseen.<\/p>\n\n<p><strong>3. Ev\u00e4steet ja seurantatekniikat:<\/strong><br\/>Gamerule.io k\u00e4ytt\u00e4\u00e4 ev\u00e4steit\u00e4 ja vastaavia seurantatekniikoita seuratakseen k\u00e4ytt\u00e4jien toimintaa sivustollamme ja tallentaakseen tiettyj\u00e4 tietoja. Ev\u00e4steet auttavat meit\u00e4 parantamaan navigointiasi verkkosivustollamme ja antavat meille my\u00f6s mahdollisuuden analysoida sivuston k\u00e4ytt\u00f6\u00e4.<\/p>\n\n<p><strong>Tietojen k\u00e4ytt\u00f6<\/strong><br\/>K\u00e4yt\u00e4mme ker\u00e4ttyj\u00e4 tietoja henkil\u00f6kohtaisen kokemuksesi muokkaamiseen, pyyt\u00e4miesi palveluiden tarjoamiseen, verkkosivustomme parantamiseen sek\u00e4 t\u00e4rkeist\u00e4 p\u00e4ivityksist\u00e4 ja kampanjatarjouksista tiedottamiseen, kunhan olet suostunut vastaanottamaan t\u00e4llaista viestint\u00e4\u00e4.<\/p>\n","protected":false},"excerpt":{"rendered":"<p>Tervetuloa Gamerule.ioon! Yksityisyytesi on meille ensiarvoisen t\u00e4rke\u00e4\u00e4. T\u00e4ss\u00e4 tietosuojak\u00e4yt\u00e4nn\u00f6ss\u00e4 kerrotaan, millaisia tietoja ker\u00e4\u00e4mme sinusta, miten niit\u00e4 k\u00e4ytet\u00e4\u00e4n ja mihin toimiin ryhdymme henkil\u00f6tietojesi suojaamiseksi, kun k\u00e4yt\u00e4t verkkosivustoamme ja palveluitamme. Tietojen ker\u00e4\u00e4minen1. Henkil\u00f6kohtaiset tiedot:Ker\u00e4\u00e4mme henkil\u00f6kohtaisia tietoja, jotka annat rekister\u00f6ityess\u00e4si palveluihimme, kuten nimesi, s\u00e4hk\u00f6postiosoitteesi ja valinnaisesti profiilikuvasi. N\u00e4it\u00e4 tietoja k\u00e4ytet\u00e4\u00e4n tilisi hallintaan, asiakastuen tarjoamiseen sek\u00e4 uutiskirjeiden ja myynninedist\u00e4mismateriaalin [&hellip;]<\/p>\n","protected":false},"author":1,"featured_media":0,"parent":0,"menu_order":0,"comment_status":"closed","ping_status":"closed","template":"","meta":{"content-type":"","footnotes":""},"class_list":["post-6603","page","type-page","status-publish"],"yoast_head":"<!-- This site is optimized with the Yoast SEO plugin v23.0 - https:\/\/yoast.com\/wordpress\/plugins\/seo\/ -->\n<title>Tietosuojak\u00e4yt\u00e4nt\u00f6 - GameRule.io<\/title>\n<meta name=\"robots\" content=\"index, follow, max-snippet:-1, max-image-preview:large, max-video-preview:-1\" \/>\n<link rel=\"canonical\" href=\"https:\/\/gamerule.io\/fi\/tietosuojakaytanto\/\" \/>\n<meta property=\"og:locale\" content=\"fi_FI\" \/>\n<meta property=\"og:type\" content=\"article\" \/>\n<meta property=\"og:title\" content=\"Tietosuojak\u00e4yt\u00e4nt\u00f6 - GameRule.io\" \/>\n<meta property=\"og:description\" content=\"Tervetuloa Gamerule.ioon! Yksityisyytesi on meille ensiarvoisen t\u00e4rke\u00e4\u00e4. T\u00e4ss\u00e4 tietosuojak\u00e4yt\u00e4nn\u00f6ss\u00e4 kerrotaan, millaisia tietoja ker\u00e4\u00e4mme sinusta, miten niit\u00e4 k\u00e4ytet\u00e4\u00e4n ja mihin toimiin ryhdymme henkil\u00f6tietojesi suojaamiseksi, kun k\u00e4yt\u00e4t verkkosivustoamme ja palveluitamme. Tietojen ker\u00e4\u00e4minen1. Henkil\u00f6kohtaiset tiedot:Ker\u00e4\u00e4mme henkil\u00f6kohtaisia tietoja, jotka annat rekister\u00f6ityess\u00e4si palveluihimme, kuten nimesi, s\u00e4hk\u00f6postiosoitteesi ja valinnaisesti profiilikuvasi. N\u00e4it\u00e4 tietoja k\u00e4ytet\u00e4\u00e4n tilisi hallintaan, asiakastuen tarjoamiseen sek\u00e4 uutiskirjeiden ja myynninedist\u00e4mismateriaalin [&hellip;]\" \/>\n<meta property=\"og:url\" content=\"https:\/\/gamerule.io\/fi\/tietosuojakaytanto\/\" \/>\n<meta property=\"og:site_name\" content=\"GameRule.io\" \/>\n<meta property=\"article:modified_time\" content=\"2024-05-06T11:07:32+00:00\" \/>\n<meta name=\"twitter:card\" content=\"summary_large_image\" \/>\n<meta name=\"twitter:label1\" content=\"Arvioitu lukuaika\" \/>\n\t<meta name=\"twitter:data1\" content=\"1 minuutti\" \/>\n<script type=\"application\/ld+json\" class=\"yoast-schema-graph\">{\"@context\":\"https:\/\/schema.org\",\"@graph\":[{\"@type\":\"WebPage\",\"@id\":\"https:\/\/gamerule.io\/fi\/tietosuojakaytanto\/\",\"url\":\"https:\/\/gamerule.io\/fi\/tietosuojakaytanto\/\",\"name\":\"Tietosuojak\u00e4yt\u00e4nt\u00f6 - GameRule.io\",\"isPartOf\":{\"@id\":\"https:\/\/gamerule.io\/#website\"},\"datePublished\":\"2024-05-06T11:01:23+00:00\",\"dateModified\":\"2024-05-06T11:07:32+00:00\",\"breadcrumb\":{\"@id\":\"https:\/\/gamerule.io\/fi\/tietosuojakaytanto\/#breadcrumb\"},\"inLanguage\":\"fi\",\"potentialAction\":[{\"@type\":\"ReadAction\",\"target\":[\"https:\/\/gamerule.io\/fi\/tietosuojakaytanto\/\"]}]},{\"@type\":\"BreadcrumbList\",\"@id\":\"https:\/\/gamerule.io\/fi\/tietosuojakaytanto\/#breadcrumb\",\"itemListElement\":[{\"@type\":\"ListItem\",\"position\":1,\"name\":\"Home\",\"item\":\"https:\/\/gamerule.io\/fi\/gamerule-io\/\"},{\"@type\":\"ListItem\",\"position\":2,\"name\":\"Tietosuojak\u00e4yt\u00e4nt\u00f6\"}]},{\"@type\":\"WebSite\",\"@id\":\"https:\/\/gamerule.io\/#website\",\"url\":\"https:\/\/gamerule.io\/\",\"name\":\"GameRule.io\",\"description\":\"\",\"potentialAction\":[{\"@type\":\"SearchAction\",\"target\":{\"@type\":\"EntryPoint\",\"urlTemplate\":\"https:\/\/gamerule.io\/?s={search_term_string}\"},\"query-input\":\"required name=search_term_string\"}],\"inLanguage\":\"fi\"}]}<\/script>\n<!-- \/ Yoast SEO plugin. -->","yoast_head_json":{"title":"Tietosuojak\u00e4yt\u00e4nt\u00f6 - GameRule.io","robots":{"index":"index","follow":"follow","max-snippet":"max-snippet:-1","max-image-preview":"max-image-preview:large","max-video-preview":"max-video-preview:-1"},"canonical":"https:\/\/gamerule.io\/fi\/tietosuojakaytanto\/","og_locale":"fi_FI","og_type":"article","og_title":"Tietosuojak\u00e4yt\u00e4nt\u00f6 - GameRule.io","og_description":"Tervetuloa Gamerule.ioon! Yksityisyytesi on meille ensiarvoisen t\u00e4rke\u00e4\u00e4. T\u00e4ss\u00e4 tietosuojak\u00e4yt\u00e4nn\u00f6ss\u00e4 kerrotaan, millaisia tietoja ker\u00e4\u00e4mme sinusta, miten niit\u00e4 k\u00e4ytet\u00e4\u00e4n ja mihin toimiin ryhdymme henkil\u00f6tietojesi suojaamiseksi, kun k\u00e4yt\u00e4t verkkosivustoamme ja palveluitamme. Tietojen ker\u00e4\u00e4minen1. Henkil\u00f6kohtaiset tiedot:Ker\u00e4\u00e4mme henkil\u00f6kohtaisia tietoja, jotka annat rekister\u00f6ityess\u00e4si palveluihimme, kuten nimesi, s\u00e4hk\u00f6postiosoitteesi ja valinnaisesti profiilikuvasi. N\u00e4it\u00e4 tietoja k\u00e4ytet\u00e4\u00e4n tilisi hallintaan, asiakastuen tarjoamiseen sek\u00e4 uutiskirjeiden ja myynninedist\u00e4mismateriaalin [&hellip;]","og_url":"https:\/\/gamerule.io\/fi\/tietosuojakaytanto\/","og_site_name":"GameRule.io","article_modified_time":"2024-05-06T11:07:32+00:00","twitter_card":"summary_large_image","twitter_misc":{"Arvioitu lukuaika":"1 minuutti"},"schema":{"@context":"https:\/\/schema.org","@graph":[{"@type":"WebPage","@id":"https:\/\/gamerule.io\/fi\/tietosuojakaytanto\/","url":"https:\/\/gamerule.io\/fi\/tietosuojakaytanto\/","name":"Tietosuojak\u00e4yt\u00e4nt\u00f6 - GameRule.io","isPartOf":{"@id":"https:\/\/gamerule.io\/#website"},"datePublished":"2024-05-06T11:01:23+00:00","dateModified":"2024-05-06T11:07:32+00:00","breadcrumb":{"@id":"https:\/\/gamerule.io\/fi\/tietosuojakaytanto\/#breadcrumb"},"inLanguage":"fi","potentialAction":[{"@type":"ReadAction","target":["https:\/\/gamerule.io\/fi\/tietosuojakaytanto\/"]}]},{"@type":"BreadcrumbList","@id":"https:\/\/gamerule.io\/fi\/tietosuojakaytanto\/#breadcrumb","itemListElement":[{"@type":"ListItem","position":1,"name":"Home","item":"https:\/\/gamerule.io\/fi\/gamerule-io\/"},{"@type":"ListItem","position":2,"name":"Tietosuojak\u00e4yt\u00e4nt\u00f6"}]},{"@type":"WebSite","@id":"https:\/\/gamerule.io\/#website","url":"https:\/\/gamerule.io\/","name":"GameRule.io","description":"","potentialAction":[{"@type":"SearchAction","target":{"@type":"EntryPoint","urlTemplate":"https:\/\/gamerule.io\/?s={search_term_string}"},"query-input":"required name=search_term_string"}],"inLanguage":"fi"}]}},"_links":{"self":[{"href":"https:\/\/gamerule.io\/fi\/wp-json\/wp\/v2\/pages\/6603","targetHints":{"allow":["GET"]}}],"collection":[{"href":"https:\/\/gamerule.io\/fi\/wp-json\/wp\/v2\/pages"}],"about":[{"href":"https:\/\/gamerule.io\/fi\/wp-json\/wp\/v2\/types\/page"}],"author":[{"embeddable":true,"href":"https:\/\/gamerule.io\/fi\/wp-json\/wp\/v2\/users\/1"}],"replies":[{"embeddable":true,"href":"https:\/\/gamerule.io\/fi\/wp-json\/wp\/v2\/comments?post=6603"}],"version-history":[{"count":1,"href":"https:\/\/gamerule.io\/fi\/wp-json\/wp\/v2\/pages\/6603\/revisions"}],"predecessor-version":[{"id":6615,"href":"https:\/\/gamerule.io\/fi\/wp-json\/wp\/v2\/pages\/6603\/revisions\/6615"}],"wp:attachment":[{"href":"https:\/\/gamerule.io\/fi\/wp-json\/wp\/v2\/media?parent=6603"}],"curies":[{"name":"wp","href":"https:\/\/api.w.org\/{rel}","templated":true}]}}