{"id":6652,"date":"2023-10-30T01:56:43","date_gmt":"2023-10-30T01:56:43","guid":{"rendered":"https:\/\/gamerule.io\/ponte-en-contacto-con\/"},"modified":"2024-05-06T11:07:43","modified_gmt":"2024-05-06T11:07:43","slug":"ponte-en-contacto-con","status":"publish","type":"page","link":"https:\/\/gamerule.io\/es\/ponte-en-contacto-con\/","title":{"rendered":"Ponte en contacto con"},"content":{"rendered":"\t\t<div data-elementor-type=\"wp-page\" data-elementor-id=\"6652\" class=\"elementor elementor-6652 elementor-4047\">\n\t\t\t\t<div class=\"elementor-element elementor-element-4159b25 e-flex e-con-boxed e-con e-parent\" data-id=\"4159b25\" data-element_type=\"container\">\n\t\t\t\t\t<div class=\"e-con-inner\">\n\t\t\t\t<div class=\"elementor-element elementor-element-2e2ace8 elementor-widget elementor-widget-heading\" data-id=\"2e2ace8\" data-element_type=\"widget\" data-widget_type=\"heading.default\">\n\t\t\t\t<div class=\"elementor-widget-container\">\n\t\t\t<style>\/*! elementor - v3.22.0 - 26-06-2024 *\/\n.elementor-heading-title{padding:0;margin:0;line-height:1}.elementor-widget-heading .elementor-heading-title[class*=elementor-size-]>a{color:inherit;font-size:inherit;line-height:inherit}.elementor-widget-heading .elementor-heading-title.elementor-size-small{font-size:15px}.elementor-widget-heading .elementor-heading-title.elementor-size-medium{font-size:19px}.elementor-widget-heading .elementor-heading-title.elementor-size-large{font-size:29px}.elementor-widget-heading .elementor-heading-title.elementor-size-xl{font-size:39px}.elementor-widget-heading .elementor-heading-title.elementor-size-xxl{font-size:59px}<\/style><h2 class=\"elementor-heading-title elementor-size-default\">Ponte en contacto con<\/h2>\t\t<\/div>\n\t\t\t\t<\/div>\n\t\t\t\t<div class=\"elementor-element elementor-element-166cb58 elementor-widget elementor-widget-text-editor\" data-id=\"166cb58\" data-element_type=\"widget\" data-widget_type=\"text-editor.default\">\n\t\t\t\t<div class=\"elementor-widget-container\">\n\t\t\t<style>\/*! elementor - v3.22.0 - 26-06-2024 *\/\n.elementor-widget-text-editor.elementor-drop-cap-view-stacked .elementor-drop-cap{background-color:#69727d;color:#fff}.elementor-widget-text-editor.elementor-drop-cap-view-framed .elementor-drop-cap{color:#69727d;border:3px solid;background-color:transparent}.elementor-widget-text-editor:not(.elementor-drop-cap-view-default) .elementor-drop-cap{margin-top:8px}.elementor-widget-text-editor:not(.elementor-drop-cap-view-default) .elementor-drop-cap-letter{width:1em;height:1em}.elementor-widget-text-editor .elementor-drop-cap{float:left;text-align:center;line-height:1;font-size:50px}.elementor-widget-text-editor .elementor-drop-cap-letter{display:inline-block}<\/style>\t\t\t\t<p>Gamerule.io es tu destino de juego definitivo. Nuestra misi\u00f3n es enriquecer la experiencia de juego proporcionando an\u00e1lisis exhaustivos, noticias de \u00faltima hora y gu\u00edas completas para jugadores de todos los niveles. Tanto si eres un jugador ocasional como un entusiasta empedernido, nuestro contenido est\u00e1 dise\u00f1ado para mejorar tu conocimiento y disfrute de los juegos.<\/p>\n<div class=\"wpforms-container wpforms-container-full wpforms-render-modern\" id=\"wpforms-6503\">Por favor, activa JavaScript en tu navegador para completar este formulario.<div class=\"wpforms-hidden\" id=\"wpforms-error-noscript\">Por favor, activa JavaScript en tu navegador para completar este formulario.<\/div><div class=\"wpforms-field-container\"><div id=\"wpforms-6503-field_0-container\" class=\"wpforms-field wpforms-field-name\" data-field-id=\"0\"><label class=\"wpforms-field-label\" for=\"wpforms-6503-field_0\">Name <span class=\"wpforms-required-label\" aria-hidden=\"true\">*<\/span><\/label><\/div><div id=\"wpforms-6503-field_8-container\" class=\"wpforms-field wpforms-field-checkbox\" data-field-id=\"8\"><fieldset><legend class=\"wpforms-field-label\">Why are you contacting us?<\/legend><ul id=\"wpforms-6503-field_8\"><li class=\"choice-1 depth-1\"><label class=\"wpforms-field-label-inline\" for=\"wpforms-6503-field_8_1\">Advertising<\/label><\/li><li class=\"choice-2 depth-1\"><label class=\"wpforms-field-label-inline\" for=\"wpforms-6503-field_8_2\">Tips<\/label><\/li><li class=\"choice-3 depth-1\"><label class=\"wpforms-field-label-inline\" for=\"wpforms-6503-field_8_3\">Other<\/label><\/li><\/ul><\/fieldset><\/div><div id=\"wpforms-6503-field_7-container\" class=\"wpforms-field wpforms-field-text\" data-field-id=\"7\"><label class=\"wpforms-field-label\" for=\"wpforms-6503-field_7\">Your company name<\/label><\/div><div id=\"wpforms-6503-field_6-container\" class=\"wpforms-field wpforms-field-email\" data-field-id=\"6\"><label class=\"wpforms-field-label\" for=\"wpforms-6503-field_6\">Email  <span class=\"wpforms-required-label\" aria-hidden=\"true\">*<\/span><\/label><\/div><div id=\"wpforms-6503-field_2-container\" class=\"wpforms-field wpforms-field-textarea\" data-field-id=\"2\"><label class=\"wpforms-field-label\" for=\"wpforms-6503-field_2\">Your message <span class=\"wpforms-required-label\" aria-hidden=\"true\">*<\/span><\/label><textarea id=\"wpforms-6503-field_2\" class=\"wpforms-field-medium wpforms-field-required\" name=\"wpforms[fields][2]\"><\/textarea><\/div><\/div><!-- .wpforms-field-container --><div class=\"wpforms-recaptcha-container wpforms-is-hcaptcha\"><div class=\"g-recaptcha\" data-sitekey=\"34fbaa3f-2deb-4ed1-8fba-3f7e900742ec\"><\/div><\/div><div class=\"wpforms-submit-container\"><button type=\"submit\" name=\"wpforms[submit]\" id=\"wpforms-submit-6503\" class=\"wpforms-submit\" data-alt-text=\"Sending...\" data-submit-text=\"Send\" aria-live=\"assertive\" value=\"wpforms-submit\">Send<\/button><img decoding=\"async\" src=\"https:\/\/gamerule.io\/wp-content\/plugins\/wpforms-lite\/assets\/images\/submit-spin.svg\" class=\"wpforms-submit-spinner\" width=\"26\" height=\"26\" alt=\"Cargando\"><\/div><\/div>  <!-- .wpforms-container -->\n\t\t\t\t\t\t<\/div>\n\t\t\t\t<\/div>\n\t\t\t\t\t<\/div>\n\t\t\t\t<\/div>\n\t\t\t\t<\/div>\n\t\t","protected":false},"excerpt":{"rendered":"<p>Ponte en contacto con Gamerule.io es tu destino de juego definitivo. Nuestra misi\u00f3n es enriquecer la experiencia de juego proporcionando an\u00e1lisis exhaustivos, noticias de \u00faltima hora y gu\u00edas completas para jugadores de todos los niveles. Tanto si eres un jugador ocasional como un entusiasta empedernido, nuestro contenido est\u00e1 dise\u00f1ado para mejorar tu conocimiento y disfrute [&hellip;]<\/p>\n","protected":false},"author":1,"featured_media":0,"parent":0,"menu_order":0,"comment_status":"closed","ping_status":"closed","template":"","meta":{"content-type":"","footnotes":""},"class_list":["post-6652","page","type-page","status-publish"],"yoast_head":"<!-- This site is optimized with the Yoast SEO plugin v23.0 - https:\/\/yoast.com\/wordpress\/plugins\/seo\/ -->\n<title>Ponte en contacto con - GameRule.io<\/title>\n<meta name=\"robots\" content=\"index, follow, max-snippet:-1, max-image-preview:large, max-video-preview:-1\" \/>\n<link rel=\"canonical\" href=\"https:\/\/gamerule.io\/es\/ponte-en-contacto-con\/\" \/>\n<meta property=\"og:locale\" content=\"es_ES\" \/>\n<meta property=\"og:type\" content=\"article\" \/>\n<meta property=\"og:title\" content=\"Ponte en contacto con - GameRule.io\" \/>\n<meta property=\"og:description\" content=\"Ponte en contacto con Gamerule.io es tu destino de juego definitivo. Nuestra misi\u00f3n es enriquecer la experiencia de juego proporcionando an\u00e1lisis exhaustivos, noticias de \u00faltima hora y gu\u00edas completas para jugadores de todos los niveles. Tanto si eres un jugador ocasional como un entusiasta empedernido, nuestro contenido est\u00e1 dise\u00f1ado para mejorar tu conocimiento y disfrute [&hellip;]\" \/>\n<meta property=\"og:url\" content=\"https:\/\/gamerule.io\/es\/ponte-en-contacto-con\/\" \/>\n<meta property=\"og:site_name\" content=\"GameRule.io\" \/>\n<meta property=\"article:modified_time\" content=\"2024-05-06T11:07:43+00:00\" \/>\n<meta name=\"twitter:card\" content=\"summary_large_image\" \/>\n<script type=\"application\/ld+json\" class=\"yoast-schema-graph\">{\"@context\":\"https:\/\/schema.org\",\"@graph\":[{\"@type\":\"WebPage\",\"@id\":\"https:\/\/gamerule.io\/es\/ponte-en-contacto-con\/\",\"url\":\"https:\/\/gamerule.io\/es\/ponte-en-contacto-con\/\",\"name\":\"Ponte en contacto con - GameRule.io\",\"isPartOf\":{\"@id\":\"https:\/\/gamerule.io\/#website\"},\"datePublished\":\"2023-10-30T01:56:43+00:00\",\"dateModified\":\"2024-05-06T11:07:43+00:00\",\"breadcrumb\":{\"@id\":\"https:\/\/gamerule.io\/es\/ponte-en-contacto-con\/#breadcrumb\"},\"inLanguage\":\"es\",\"potentialAction\":[{\"@type\":\"ReadAction\",\"target\":[\"https:\/\/gamerule.io\/es\/ponte-en-contacto-con\/\"]}]},{\"@type\":\"BreadcrumbList\",\"@id\":\"https:\/\/gamerule.io\/es\/ponte-en-contacto-con\/#breadcrumb\",\"itemListElement\":[{\"@type\":\"ListItem\",\"position\":1,\"name\":\"Home\",\"item\":\"https:\/\/gamerule.io\/es\/gamerule-io\/\"},{\"@type\":\"ListItem\",\"position\":2,\"name\":\"Ponte en contacto con\"}]},{\"@type\":\"WebSite\",\"@id\":\"https:\/\/gamerule.io\/#website\",\"url\":\"https:\/\/gamerule.io\/\",\"name\":\"GameRule.io\",\"description\":\"\",\"potentialAction\":[{\"@type\":\"SearchAction\",\"target\":{\"@type\":\"EntryPoint\",\"urlTemplate\":\"https:\/\/gamerule.io\/?s={search_term_string}\"},\"query-input\":\"required name=search_term_string\"}],\"inLanguage\":\"es\"}]}<\/script>\n<!-- \/ Yoast SEO plugin. -->","yoast_head_json":{"title":"Ponte en contacto con - GameRule.io","robots":{"index":"index","follow":"follow","max-snippet":"max-snippet:-1","max-image-preview":"max-image-preview:large","max-video-preview":"max-video-preview:-1"},"canonical":"https:\/\/gamerule.io\/es\/ponte-en-contacto-con\/","og_locale":"es_ES","og_type":"article","og_title":"Ponte en contacto con - GameRule.io","og_description":"Ponte en contacto con Gamerule.io es tu destino de juego definitivo. Nuestra misi\u00f3n es enriquecer la experiencia de juego proporcionando an\u00e1lisis exhaustivos, noticias de \u00faltima hora y gu\u00edas completas para jugadores de todos los niveles. Tanto si eres un jugador ocasional como un entusiasta empedernido, nuestro contenido est\u00e1 dise\u00f1ado para mejorar tu conocimiento y disfrute [&hellip;]","og_url":"https:\/\/gamerule.io\/es\/ponte-en-contacto-con\/","og_site_name":"GameRule.io","article_modified_time":"2024-05-06T11:07:43+00:00","twitter_card":"summary_large_image","schema":{"@context":"https:\/\/schema.org","@graph":[{"@type":"WebPage","@id":"https:\/\/gamerule.io\/es\/ponte-en-contacto-con\/","url":"https:\/\/gamerule.io\/es\/ponte-en-contacto-con\/","name":"Ponte en contacto con - GameRule.io","isPartOf":{"@id":"https:\/\/gamerule.io\/#website"},"datePublished":"2023-10-30T01:56:43+00:00","dateModified":"2024-05-06T11:07:43+00:00","breadcrumb":{"@id":"https:\/\/gamerule.io\/es\/ponte-en-contacto-con\/#breadcrumb"},"inLanguage":"es","potentialAction":[{"@type":"ReadAction","target":["https:\/\/gamerule.io\/es\/ponte-en-contacto-con\/"]}]},{"@type":"BreadcrumbList","@id":"https:\/\/gamerule.io\/es\/ponte-en-contacto-con\/#breadcrumb","itemListElement":[{"@type":"ListItem","position":1,"name":"Home","item":"https:\/\/gamerule.io\/es\/gamerule-io\/"},{"@type":"ListItem","position":2,"name":"Ponte en contacto con"}]},{"@type":"WebSite","@id":"https:\/\/gamerule.io\/#website","url":"https:\/\/gamerule.io\/","name":"GameRule.io","description":"","potentialAction":[{"@type":"SearchAction","target":{"@type":"EntryPoint","urlTemplate":"https:\/\/gamerule.io\/?s={search_term_string}"},"query-input":"required name=search_term_string"}],"inLanguage":"es"}]}},"_links":{"self":[{"href":"https:\/\/gamerule.io\/es\/wp-json\/wp\/v2\/pages\/6652","targetHints":{"allow":["GET"]}}],"collection":[{"href":"https:\/\/gamerule.io\/es\/wp-json\/wp\/v2\/pages"}],"about":[{"href":"https:\/\/gamerule.io\/es\/wp-json\/wp\/v2\/types\/page"}],"author":[{"embeddable":true,"href":"https:\/\/gamerule.io\/es\/wp-json\/wp\/v2\/users\/1"}],"replies":[{"embeddable":true,"href":"https:\/\/gamerule.io\/es\/wp-json\/wp\/v2\/comments?post=6652"}],"version-history":[{"count":1,"href":"https:\/\/gamerule.io\/es\/wp-json\/wp\/v2\/pages\/6652\/revisions"}],"predecessor-version":[{"id":6671,"href":"https:\/\/gamerule.io\/es\/wp-json\/wp\/v2\/pages\/6652\/revisions\/6671"}],"wp:attachment":[{"href":"https:\/\/gamerule.io\/es\/wp-json\/wp\/v2\/media?parent=6652"}],"curies":[{"name":"wp","href":"https:\/\/api.w.org\/{rel}","templated":true}]}}